{"id":987490782,"date":"2023-09-03T16:52:33","date_gmt":"2023-09-03T13:52:33","guid":{"rendered":"https:\/\/www.ainoapteekki.fi\/?page_id=987490782"},"modified":"2024-01-08T15:22:47","modified_gmt":"2024-01-08T12:22:47","slug":"ota-yhteytta","status":"publish","type":"page","link":"https:\/\/www.ainoapteekki.fi\/sv\/ota-yhteytta\/","title":{"rendered":"Tag kontakt"},"content":{"rendered":"<p>[et_pb_section fb_built=&#8221;1&#8243; _builder_version=&#8221;4.21.0&#8243; _module_preset=&#8221;default&#8221; max_width=&#8221;1400px&#8221; module_alignment=&#8221;center&#8221; custom_padding=&#8221;||23px|||&#8221; locked=&#8221;off&#8221; global_colors_info=&#8221;{}&#8221;][et_pb_row column_structure=&#8221;1_4,1_4,1_4,1_4&#8243; disabled_on=&#8221;on|on|on&#8221; _builder_version=&#8221;4.23.1&#8243; _module_preset=&#8221;default&#8221; background_color=&#8221;#f7f7f7&#8243; width=&#8221;85%&#8221; max_width=&#8221;1400px&#8221; max_width_tablet=&#8221;800px&#8221; max_width_phone=&#8221;800px&#8221; max_width_last_edited=&#8221;on|desktop&#8221; custom_padding=&#8221;|35px||35px|false|false&#8221; disabled=&#8221;on&#8221; global_colors_info=&#8221;{}&#8221;][et_pb_column type=&#8221;1_4&#8243; _builder_version=&#8221;4.16.0&#8243; _module_preset=&#8221;default&#8221; global_colors_info=&#8221;{}&#8221;][et_pb_text _builder_version=&#8221;4.21.0&#8243; _module_preset=&#8221;default&#8221; text_font_size=&#8221;15px&#8221; header_2_font_size=&#8221;20px&#8221; global_colors_info=&#8221;{}&#8221;]<\/p>\n<h2><strong>Aino apteekki<\/strong><\/h2>\n<p><strong>AINOA kauppakeskus 2.krs. <\/strong>[\/et_pb_text][et_pb_blurb use_icon=&#8221;on&#8221; font_icon=&#8221;&#xf3c5;||fa||900&#8243; icon_placement=&#8221;left&#8221; image_icon_width=&#8221;16px&#8221; _builder_version=&#8221;4.21.0&#8243; _module_preset=&#8221;default&#8221; header_text_color=&#8221;#000000&#8243; body_text_color=&#8221;#000000&#8243; body_font_size=&#8221;14px&#8221; custom_margin=&#8221;||12px||false|false&#8221; custom_padding=&#8221;||||false|false&#8221; global_colors_info=&#8221;{}&#8221;]<\/p>\n<p>L\u00e4nsituuli 12, 02100 Espoo<\/p>\n<p>[\/et_pb_blurb][et_pb_blurb use_icon=&#8221;on&#8221; font_icon=&#8221;&#xf879;||fa||900&#8243; icon_placement=&#8221;left&#8221; image_icon_width=&#8221;16px&#8221; _builder_version=&#8221;4.21.0&#8243; _module_preset=&#8221;default&#8221; header_text_color=&#8221;#000000&#8243; body_text_color=&#8221;#000000&#8243; body_font_size=&#8221;14px&#8221; custom_margin=&#8221;||12px||false|false&#8221; custom_padding=&#8221;||||false|false&#8221; global_colors_info=&#8221;{}&#8221;]<\/p>\n<p>Aino apteekki: <a href=\"tel:+358943915222\">09 4391 5222<\/a><\/p>\n<p>[\/et_pb_blurb][et_pb_blurb use_icon=&#8221;on&#8221; font_icon=&#8221;&#xf879;||fa||900&#8243; icon_placement=&#8221;left&#8221; image_icon_width=&#8221;16px&#8221; _builder_version=&#8221;4.21.0&#8243; _module_preset=&#8221;default&#8221; header_text_color=&#8221;#000000&#8243; body_text_color=&#8221;#000000&#8243; body_font_size=&#8221;14px&#8221; custom_margin=&#8221;||12px||false|false&#8221; custom_padding=&#8221;||||false|false&#8221; global_colors_info=&#8221;{}&#8221;]L\u00e4\u00e4k\u00e4reille: <a href=\"tel:+358943915212\">09 4391 5212<\/a>[\/et_pb_blurb][et_pb_blurb use_icon=&#8221;on&#8221; font_icon=&#8221;&#xf0e0;||fa||400&#8243; icon_placement=&#8221;left&#8221; image_icon_width=&#8221;16px&#8221; _builder_version=&#8221;4.21.0&#8243; _module_preset=&#8221;default&#8221; header_text_color=&#8221;#000000&#8243; body_text_color=&#8221;#000000&#8243; body_font_size=&#8221;14px&#8221; custom_margin=&#8221;||12px||false|false&#8221; custom_padding=&#8221;||||false|false&#8221; global_colors_info=&#8221;{}&#8221;]<a href=\"mailto:ainoapteekki@apteekit.net\">ainoapteekki@apteekit.net<\/a>[\/et_pb_blurb][\/et_pb_column][et_pb_column type=&#8221;1_4&#8243; _builder_version=&#8221;4.16.0&#8243; _module_preset=&#8221;default&#8221; global_colors_info=&#8221;{}&#8221;][et_pb_text _builder_version=&#8221;4.21.0&#8243; _module_preset=&#8221;default&#8221; text_font_size=&#8221;15px&#8221; text_line_height=&#8221;1.3em&#8221; custom_margin=&#8221;57px||||false|false&#8221; custom_margin_tablet=&#8221;57px||||false|false&#8221; custom_margin_phone=&#8221;5px||||false|false&#8221; custom_margin_last_edited=&#8221;on|phone&#8221; global_colors_info=&#8221;{}&#8221;]<\/p>\n<p style=\"padding-bottom: 2px; padding-top: 0px; margin-top: 0px; margin-bottom: 0px;\">Olemme avoinna:<\/p>\n<p style=\"padding-bottom: 25px; padding-top: 8px; margin-top: 0px; margin-bottom: 0px;\"><span class=\"left\">ma-pe<\/span> <span class=\"right\">8.30-20.00<\/span><\/p>\n<hr style=\"padding-bottom: 0px; padding-top: px; margin-top: 2px; margin-bottom: 0px;\" color=\"#E8E8E8\" \/>\n<p style=\"padding-bottom: 25px; padding-top: 8px; margin-top: 0px; margin-bottom: 0px;\"><span class=\"left\">la<\/span> <span class=\"right\">10.00-19.00<\/span><\/p>\n<hr style=\"padding-bottom: 0px; padding-top: 0px; margin-top: 2px; margin-bottom: 0px;\" color=\"#E8E8E8\" \/>\n<p style=\"padding-bottom: 25px; padding-top: 8px; margin-top: 0px; margin-bottom: 0px;\"><span class=\"left\">su<\/span> <span class=\"right\">12.00-18.00<\/span><\/p>\n<p>[\/et_pb_text][et_pb_text disabled_on=&#8221;on|on|on&#8221; _builder_version=&#8221;4.21.0&#8243; _module_preset=&#8221;default&#8221; text_font_size=&#8221;15px&#8221; text_line_height=&#8221;1.3em&#8221; custom_margin=&#8221;8px||||false|false&#8221; custom_margin_tablet=&#8221;57px||||false|false&#8221; custom_margin_phone=&#8221;5px||||false|false&#8221; custom_margin_last_edited=&#8221;on|phone&#8221; disabled=&#8221;on&#8221; global_colors_info=&#8221;{}&#8221;]<\/p>\n<p style=\"padding-bottom: 2px; padding-top: 0px; margin-top: 0px; margin-bottom: 0px;\">Juhannuksen aukioloajat:<\/p>\n<p style=\"padding-bottom: 25px; padding-top: 8px; margin-top: 0px; margin-bottom: 0px;\"><span class=\"left\">pe 23.6.<\/span> <span class=\"right\">10.00-16.00<\/span><\/p>\n<hr style=\"padding-bottom: 0px; padding-top: px; margin-top: 2px; margin-bottom: 0px;\" color=\"#E8E8E8\" \/>\n<p style=\"padding-bottom: 25px; padding-top: 8px; margin-top: 0px; margin-bottom: 0px;\"><span class=\"left\">la 24.6.<\/span> <span class=\"right\">suljettu<\/span><\/p>\n<hr style=\"padding-bottom: 0px; padding-top: 0px; margin-top: 2px; margin-bottom: 0px;\" color=\"#E8E8E8\" \/>\n<p style=\"padding-bottom: 25px; padding-top: 8px; margin-top: 0px; margin-bottom: 0px;\"><span class=\"left\">su 25.6.<\/span> <span class=\"right\">12.00-18.00<\/span><\/p>\n<p>[\/et_pb_text][\/et_pb_column][et_pb_column type=&#8221;1_4&#8243; _builder_version=&#8221;4.21.0&#8243; _module_preset=&#8221;default&#8221; custom_padding_tablet=&#8221;&#8221; custom_padding_phone=&#8221;20px||||false|false&#8221; custom_padding_last_edited=&#8221;on|phone&#8221; global_colors_info=&#8221;{}&#8221;][et_pb_text _builder_version=&#8221;4.21.0&#8243; _module_preset=&#8221;default&#8221; text_font_size=&#8221;15px&#8221; header_2_font_size=&#8221;20px&#8221; global_colors_info=&#8221;{}&#8221;]<\/p>\n<h2><strong>Otaniemen sivuapteekki<\/strong><\/h2>\n<p><strong>Kauppakeskus A Bloc<\/strong>[\/et_pb_text][et_pb_blurb use_icon=&#8221;on&#8221; font_icon=&#8221;&#xf3c5;||fa||900&#8243; icon_placement=&#8221;left&#8221; image_icon_width=&#8221;16px&#8221; _builder_version=&#8221;4.21.0&#8243; _module_preset=&#8221;default&#8221; header_text_color=&#8221;#000000&#8243; body_text_color=&#8221;#000000&#8243; body_font_size=&#8221;14px&#8221; custom_margin=&#8221;||12px||false|false&#8221; custom_padding=&#8221;||||false|false&#8221; global_colors_info=&#8221;{}&#8221;]Otaniementie 12, 02150 Espoo[\/et_pb_blurb][et_pb_blurb use_icon=&#8221;on&#8221; font_icon=&#8221;&#xf879;||fa||900&#8243; icon_placement=&#8221;left&#8221; image_icon_width=&#8221;16px&#8221; _builder_version=&#8221;4.21.0&#8243; _module_preset=&#8221;default&#8221; header_text_color=&#8221;#000000&#8243; body_text_color=&#8221;#000000&#8243; body_font_size=&#8221;14px&#8221; custom_margin=&#8221;||12px||false|false&#8221; custom_padding=&#8221;||||false|false&#8221; global_colors_info=&#8221;{}&#8221;]<\/p>\n<p>Otaniemi: <a href=\"tel:+3589460440\">09 460 440<\/a><\/p>\n<p>[\/et_pb_blurb][et_pb_blurb use_icon=&#8221;on&#8221; font_icon=&#8221;&#xf879;||fa||900&#8243; icon_placement=&#8221;left&#8221; image_icon_width=&#8221;16px&#8221; _builder_version=&#8221;4.21.0&#8243; _module_preset=&#8221;default&#8221; header_text_color=&#8221;#000000&#8243; body_text_color=&#8221;#000000&#8243; body_font_size=&#8221;14px&#8221; custom_margin=&#8221;||12px||false|false&#8221; custom_padding=&#8221;||||false|false&#8221; global_colors_info=&#8221;{}&#8221;]L\u00e4\u00e4k\u00e4reille: <a href=\"tel:+3589466685\">09 466 685<\/a>[\/et_pb_blurb][et_pb_blurb use_icon=&#8221;on&#8221; font_icon=&#8221;&#xf0e0;||fa||400&#8243; icon_placement=&#8221;left&#8221; image_icon_width=&#8221;16px&#8221; _builder_version=&#8221;4.21.0&#8243; _module_preset=&#8221;default&#8221; header_text_color=&#8221;#000000&#8243; body_text_color=&#8221;#000000&#8243; body_font_size=&#8221;14px&#8221; custom_margin=&#8221;||12px||false|false&#8221; custom_padding=&#8221;||||false|false&#8221; global_colors_info=&#8221;{}&#8221;]<\/p>\n<p><a href=\"tel:otaniemenapteekki@apteekit.net\">otaniemenapteekki@apteekit.net<\/a><\/p>\n<p>[\/et_pb_blurb][\/et_pb_column][et_pb_column type=&#8221;1_4&#8243; _builder_version=&#8221;4.16.0&#8243; _module_preset=&#8221;default&#8221; global_colors_info=&#8221;{}&#8221;][et_pb_text _builder_version=&#8221;4.21.0&#8243; _module_preset=&#8221;default&#8221; text_font_size=&#8221;15px&#8221; text_line_height=&#8221;1.3em&#8221; custom_margin=&#8221;57px||||false|false&#8221; custom_margin_tablet=&#8221;57px||||false|false&#8221; custom_margin_phone=&#8221;5px||||false|false&#8221; custom_margin_last_edited=&#8221;on|phone&#8221; global_colors_info=&#8221;{}&#8221;]<\/p>\n<p style=\"padding-bottom: 2px; padding-top: 0px; margin-top: 0px; margin-bottom: 0px;\">Olemme avoinna:<\/p>\n<p style=\"padding-bottom: 25px; padding-top: 8px; margin-top: 0px; margin-bottom: 0px;\"><span class=\"left\">ma-pe<\/span> <span class=\"right\">10.00-20.00<\/span><\/p>\n<hr style=\"padding-bottom: 0px; padding-top: px; margin-top: 2px; margin-bottom: 0px;\" color=\"#E8E8E8\" \/>\n<p style=\"padding-bottom: 25px; padding-top: 8px; margin-top: 0px; margin-bottom: 0px;\"><span class=\"left\">la<\/span> <span class=\"right\">10.00-18.00<\/span><\/p>\n<hr style=\"padding-bottom: 0px; padding-top: 0px; margin-top: 2px; margin-bottom: 0px;\" color=\"#E8E8E8\" \/>\n<p style=\"padding-bottom: 25px; padding-top: 8px; margin-top: 0px; margin-bottom: 0px;\"><span class=\"left\">su<\/span> <span class=\"right\">suljettu<\/span><\/p>\n<p>[\/et_pb_text][et_pb_text disabled_on=&#8221;on|on|on&#8221; _builder_version=&#8221;4.21.0&#8243; _module_preset=&#8221;default&#8221; text_font_size=&#8221;15px&#8221; text_line_height=&#8221;1.3em&#8221; custom_margin=&#8221;8px||||false|false&#8221; custom_margin_tablet=&#8221;57px||||false|false&#8221; custom_margin_phone=&#8221;5px||||false|false&#8221; custom_margin_last_edited=&#8221;on|phone&#8221; disabled=&#8221;on&#8221; global_colors_info=&#8221;{}&#8221;]<\/p>\n<p style=\"padding-bottom: 2px; padding-top: 0px; margin-top: 0px; margin-bottom: 0px;\">Juhannuksen aukioloajat:<\/p>\n<p style=\"padding-bottom: 25px; padding-top: 8px; margin-top: 0px; margin-bottom: 0px;\"><span class=\"left\">pe 23.6.<\/span> <span class=\"right\">suljettu<\/span><\/p>\n<hr style=\"padding-bottom: 0px; padding-top: px; margin-top: 2px; margin-bottom: 0px;\" color=\"#E8E8E8\" \/>\n<p style=\"padding-bottom: 25px; padding-top: 8px; margin-top: 0px; margin-bottom: 0px;\"><span class=\"left\">la 24.6.<\/span> <span class=\"right\">suljettu<\/span><\/p>\n<hr style=\"padding-bottom: 0px; padding-top: 0px; margin-top: 2px; margin-bottom: 0px;\" color=\"#E8E8E8\" \/>\n<p style=\"padding-bottom: 25px; padding-top: 8px; margin-top: 0px; margin-bottom: 0px;\"><span class=\"left\">su 25.6.<\/span> <span class=\"right\">suljettu<\/span><\/p>\n<p>[\/et_pb_text][\/et_pb_column][\/et_pb_row][et_pb_row _builder_version=&#8221;4.21.0&#8243; _module_preset=&#8221;default&#8221; width=&#8221;85%&#8221; max_width=&#8221;1400px&#8221; locked=&#8221;off&#8221; global_colors_info=&#8221;{}&#8221;][et_pb_column type=&#8221;4_4&#8243; _builder_version=&#8221;4.21.0&#8243; _module_preset=&#8221;default&#8221; global_colors_info=&#8221;{}&#8221;][et_pb_text disabled_on=&#8221;off|off|off&#8221; _builder_version=&#8221;4.22.0&#8243; _module_preset=&#8221;default&#8221; text_font=&#8221;|700|||||||&#8221; text_font_size=&#8221;46px&#8221; header_font_size=&#8221;36px&#8221; header_3_font_size=&#8221;32px&#8221; header_3_line_height=&#8221;1.1em&#8221; text_orientation=&#8221;center&#8221; global_colors_info=&#8221;{}&#8221;]<\/p>\n<h3>OTA YHTEYTT\u00c4 TAI ANNA PALAUTETTA.<\/h3>\n<p>[\/et_pb_text][et_pb_text disabled_on=&#8221;on|on|on&#8221; _builder_version=&#8221;4.21.0&#8243; _module_preset=&#8221;default&#8221; custom_margin=&#8221;-8px|||||&#8221; disabled=&#8221;on&#8221; global_colors_info=&#8221;{}&#8221;]<\/p>\n<p>&#8221;Lorem ipsum dolor sit amet, consectetur adipiscing elit, sed do eiusmod tempor incididunt ut labore et dolore magna aliqua. Ut enim ad minim veniam, quis nostrud exercitation ullamco laboris nisi ut aliquip ex ea commodo consequat. Duis aute irure dolor in reprehenderit in voluptate velit esse cillum dolore eu fugiat nulla pariatur. Excepteur sint occaecat cupidatat non proident, sunt in culpa qui officia deserunt mollit anim id est laborum.&#8221;<\/p>\n<p>[\/et_pb_text][et_pb_contact_form email=&#8221;ainoapteekki@apteekit.net&#8221; custom_message=&#8221;Viestin sis\u00e4lt\u00f6:||et_pb_line_break_holder||%%Name%%||et_pb_line_break_holder||%%Email%%||et_pb_line_break_holder||%%Message%%||et_pb_line_break_holder||||et_pb_line_break_holder||L\u00e4hetetty ainoapteekki.fi -sivuilta||et_pb_line_break_holder||||et_pb_line_break_holder||&#8221; success_message=&#8221;Kiitos! Tack!&#8221; _builder_version=&#8221;4.23.1&#8243; _module_preset=&#8221;default&#8221; _unique_id=&#8221;406a5a83-fd59-47d5-97e9-863d7c5c861b&#8221; custom_button=&#8221;on&#8221; button_bg_color=&#8221;#608e34&#8243; button_font=&#8221;|||on|||||&#8221; width=&#8221;800px&#8221; width_tablet=&#8221;800px&#8221; width_phone=&#8221;85%&#8221; width_last_edited=&#8221;on|phone&#8221; max_width=&#8221;800px&#8221; max_width_tablet=&#8221;800px&#8221; max_width_phone=&#8221;85%&#8221; max_width_last_edited=&#8221;on|phone&#8221; module_alignment=&#8221;center&#8221; hover_enabled=&#8221;0&#8243; global_colors_info=&#8221;{}&#8221; sticky_enabled=&#8221;0&#8243;][et_pb_contact_field field_id=&#8221;Name&#8221; field_title=&#8221;Nimi&#8221; _builder_version=&#8221;4.22.0&#8243; global_colors_info=&#8221;{}&#8221; button_text_size__hover_enabled=&#8221;off&#8221; button_one_text_size__hover_enabled=&#8221;off&#8221; button_two_text_size__hover_enabled=&#8221;off&#8221; button_text_color__hover_enabled=&#8221;off&#8221; button_one_text_color__hover_enabled=&#8221;off&#8221; button_two_text_color__hover_enabled=&#8221;off&#8221; button_border_width__hover_enabled=&#8221;off&#8221; button_one_border_width__hover_enabled=&#8221;off&#8221; button_two_border_width__hover_enabled=&#8221;off&#8221; button_border_color__hover_enabled=&#8221;off&#8221; button_one_border_color__hover_enabled=&#8221;off&#8221; button_two_border_color__hover_enabled=&#8221;off&#8221; button_border_radius__hover_enabled=&#8221;off&#8221; button_one_border_radius__hover_enabled=&#8221;off&#8221; button_two_border_radius__hover_enabled=&#8221;off&#8221; button_letter_spacing__hover_enabled=&#8221;off&#8221; button_one_letter_spacing__hover_enabled=&#8221;off&#8221; button_two_letter_spacing__hover_enabled=&#8221;off&#8221; button_bg_color__hover_enabled=&#8221;off&#8221; button_one_bg_color__hover_enabled=&#8221;off&#8221; button_two_bg_color__hover_enabled=&#8221;off&#8221;][\/et_pb_contact_field][et_pb_contact_field field_id=&#8221;Email&#8221; field_title=&#8221;S\u00e4hk\u00f6postiosoite&#8221; field_type=&#8221;email&#8221; _builder_version=&#8221;4.22.0&#8243; hover_enabled=&#8221;0&#8243; global_colors_info=&#8221;{}&#8221; button_text_size__hover_enabled=&#8221;off&#8221; button_one_text_size__hover_enabled=&#8221;off&#8221; button_two_text_size__hover_enabled=&#8221;off&#8221; button_text_color__hover_enabled=&#8221;off&#8221; button_one_text_color__hover_enabled=&#8221;off&#8221; button_two_text_color__hover_enabled=&#8221;off&#8221; button_border_width__hover_enabled=&#8221;off&#8221; button_one_border_width__hover_enabled=&#8221;off&#8221; button_two_border_width__hover_enabled=&#8221;off&#8221; button_border_color__hover_enabled=&#8221;off&#8221; button_one_border_color__hover_enabled=&#8221;off&#8221; button_two_border_color__hover_enabled=&#8221;off&#8221; button_border_radius__hover_enabled=&#8221;off&#8221; button_one_border_radius__hover_enabled=&#8221;off&#8221; button_two_border_radius__hover_enabled=&#8221;off&#8221; button_letter_spacing__hover_enabled=&#8221;off&#8221; button_one_letter_spacing__hover_enabled=&#8221;off&#8221; button_two_letter_spacing__hover_enabled=&#8221;off&#8221; button_bg_color__hover_enabled=&#8221;off&#8221; button_one_bg_color__hover_enabled=&#8221;off&#8221; button_two_bg_color__hover_enabled=&#8221;off&#8221; sticky_enabled=&#8221;0&#8243;][\/et_pb_contact_field][et_pb_contact_field field_id=&#8221;Message&#8221; field_title=&#8221;Viesti&#8221; field_type=&#8221;text&#8221; fullwidth_field=&#8221;on&#8221; _builder_version=&#8221;4.22.0&#8243; global_colors_info=&#8221;{}&#8221; button_text_size__hover_enabled=&#8221;off&#8221; button_one_text_size__hover_enabled=&#8221;off&#8221; button_two_text_size__hover_enabled=&#8221;off&#8221; button_text_color__hover_enabled=&#8221;off&#8221; button_one_text_color__hover_enabled=&#8221;off&#8221; button_two_text_color__hover_enabled=&#8221;off&#8221; button_border_width__hover_enabled=&#8221;off&#8221; button_one_border_width__hover_enabled=&#8221;off&#8221; button_two_border_width__hover_enabled=&#8221;off&#8221; button_border_color__hover_enabled=&#8221;off&#8221; button_one_border_color__hover_enabled=&#8221;off&#8221; button_two_border_color__hover_enabled=&#8221;off&#8221; button_border_radius__hover_enabled=&#8221;off&#8221; button_one_border_radius__hover_enabled=&#8221;off&#8221; button_two_border_radius__hover_enabled=&#8221;off&#8221; button_letter_spacing__hover_enabled=&#8221;off&#8221; button_one_letter_spacing__hover_enabled=&#8221;off&#8221; button_two_letter_spacing__hover_enabled=&#8221;off&#8221; button_bg_color__hover_enabled=&#8221;off&#8221; button_one_bg_color__hover_enabled=&#8221;off&#8221; button_two_bg_color__hover_enabled=&#8221;off&#8221;][\/et_pb_contact_field][\/et_pb_contact_form][\/et_pb_column][\/et_pb_row][\/et_pb_section]<\/p>\n","protected":false},"excerpt":{"rendered":"<p>Aino apteekki AINOA kauppakeskus 2.krs. L\u00e4nsituuli 12, 02100 EspooAino apteekki: 09 4391 5222L\u00e4\u00e4k\u00e4reille: 09 4391 5212ainoapteekki@apteekit.netOlemme avoinna: ma-pe 8.30-20.00 la 10.00-19.00 su 12.00-18.00Juhannuksen aukioloajat: pe 23.6. 10.00-16.00 la 24.6. suljettu su 25.6. 12.00-18.00Otaniemen sivuapteekki Kauppakeskus A BlocOtaniementie 12, 02150 EspooOtaniemi: 09 460 440L\u00e4\u00e4k\u00e4reille: 09 466 685otaniemenapteekki@apteekit.netOlemme avoinna: ma-pe 10.00-20.00 la 10.00-18.00 su suljettuJuhannuksen aukioloajat: pe [&hellip;]<\/p>\n","protected":false},"author":1,"featured_media":0,"parent":0,"menu_order":0,"comment_status":"closed","ping_status":"closed","template":"","meta":{"_et_pb_use_builder":"on","_et_pb_old_content":"","_et_gb_content_width":"","footnotes":""},"class_list":["post-987490782","page","type-page","status-publish","hentry"],"yoast_head":"<!-- This site is optimized with the Yoast SEO plugin v27.5 - https:\/\/yoast.com\/product\/yoast-seo-wordpress\/ -->\n<title>Ota yhteytt\u00e4 - Tapiolan Aino apteekki<\/title>\n<meta name=\"robots\" content=\"index, follow, max-snippet:-1, max-image-preview:large, max-video-preview:-1\" \/>\n<link rel=\"canonical\" href=\"https:\/\/www.ainoapteekki.fi\/sv\/ota-yhteytta\/\" \/>\n<meta property=\"og:locale\" content=\"sv_SE\" \/>\n<meta property=\"og:type\" content=\"article\" \/>\n<meta property=\"og:title\" content=\"Ota yhteytt\u00e4 - Tapiolan Aino apteekki\" \/>\n<meta property=\"og:description\" content=\"Aino apteekki AINOA kauppakeskus 2.krs. L\u00e4nsituuli 12, 02100 EspooAino apteekki: 09 4391 5222L\u00e4\u00e4k\u00e4reille: 09 4391 5212ainoapteekki@apteekit.netOlemme avoinna: ma-pe 8.30-20.00 la 10.00-19.00 su 12.00-18.00Juhannuksen aukioloajat: pe 23.6. 10.00-16.00 la 24.6. suljettu su 25.6. 12.00-18.00Otaniemen sivuapteekki Kauppakeskus A BlocOtaniementie 12, 02150 EspooOtaniemi: 09 460 440L\u00e4\u00e4k\u00e4reille: 09 466 685otaniemenapteekki@apteekit.netOlemme avoinna: ma-pe 10.00-20.00 la 10.00-18.00 su suljettuJuhannuksen aukioloajat: pe [&hellip;]\" \/>\n<meta property=\"og:url\" content=\"https:\/\/www.ainoapteekki.fi\/sv\/ota-yhteytta\/\" \/>\n<meta property=\"og:site_name\" content=\"Tapiolan Aino apteekki\" \/>\n<meta property=\"article:modified_time\" content=\"2024-01-08T12:22:47+00:00\" \/>\n<meta name=\"twitter:card\" content=\"summary_large_image\" \/>\n<meta name=\"twitter:label1\" content=\"Ber\u00e4knad l\u00e4stid\" \/>\n\t<meta name=\"twitter:data1\" content=\"8 minuter\" \/>\n<script type=\"application\/ld+json\" class=\"yoast-schema-graph\">{\"@context\":\"https:\\\/\\\/schema.org\",\"@graph\":[{\"@type\":\"WebPage\",\"@id\":\"https:\\\/\\\/www.ainoapteekki.fi\\\/ota-yhteytta\\\/\",\"url\":\"https:\\\/\\\/www.ainoapteekki.fi\\\/ota-yhteytta\\\/\",\"name\":\"Ota yhteytt\u00e4 - Tapiolan Aino apteekki\",\"isPartOf\":{\"@id\":\"https:\\\/\\\/www.ainoapteekki.fi\\\/#website\"},\"datePublished\":\"2023-09-03T13:52:33+00:00\",\"dateModified\":\"2024-01-08T12:22:47+00:00\",\"breadcrumb\":{\"@id\":\"https:\\\/\\\/www.ainoapteekki.fi\\\/ota-yhteytta\\\/#breadcrumb\"},\"inLanguage\":\"sv-SE\",\"potentialAction\":[{\"@type\":\"ReadAction\",\"target\":[\"https:\\\/\\\/www.ainoapteekki.fi\\\/ota-yhteytta\\\/\"]}]},{\"@type\":\"BreadcrumbList\",\"@id\":\"https:\\\/\\\/www.ainoapteekki.fi\\\/ota-yhteytta\\\/#breadcrumb\",\"itemListElement\":[{\"@type\":\"ListItem\",\"position\":1,\"name\":\"Etusivu\",\"item\":\"https:\\\/\\\/www.ainoapteekki.fi\\\/\"},{\"@type\":\"ListItem\",\"position\":2,\"name\":\"Ota yhteytt\u00e4\"}]},{\"@type\":\"WebSite\",\"@id\":\"https:\\\/\\\/www.ainoapteekki.fi\\\/#website\",\"url\":\"https:\\\/\\\/www.ainoapteekki.fi\\\/\",\"name\":\"Tapiolan Aino apteekki\",\"description\":\"Uusi apteekkinne Kauppakeskus Ainoassa\",\"potentialAction\":[{\"@type\":\"SearchAction\",\"target\":{\"@type\":\"EntryPoint\",\"urlTemplate\":\"https:\\\/\\\/www.ainoapteekki.fi\\\/?s={search_term_string}\"},\"query-input\":{\"@type\":\"PropertyValueSpecification\",\"valueRequired\":true,\"valueName\":\"search_term_string\"}}],\"inLanguage\":\"sv-SE\"}]}<\/script>\n<!-- \/ Yoast SEO plugin. -->","yoast_head_json":{"title":"Ota yhteytt\u00e4 - Tapiolan Aino apteekki","robots":{"index":"index","follow":"follow","max-snippet":"max-snippet:-1","max-image-preview":"max-image-preview:large","max-video-preview":"max-video-preview:-1"},"canonical":"https:\/\/www.ainoapteekki.fi\/sv\/ota-yhteytta\/","og_locale":"sv_SE","og_type":"article","og_title":"Ota yhteytt\u00e4 - Tapiolan Aino apteekki","og_description":"Aino apteekki AINOA kauppakeskus 2.krs. L\u00e4nsituuli 12, 02100 EspooAino apteekki: 09 4391 5222L\u00e4\u00e4k\u00e4reille: 09 4391 5212ainoapteekki@apteekit.netOlemme avoinna: ma-pe 8.30-20.00 la 10.00-19.00 su 12.00-18.00Juhannuksen aukioloajat: pe 23.6. 10.00-16.00 la 24.6. suljettu su 25.6. 12.00-18.00Otaniemen sivuapteekki Kauppakeskus A BlocOtaniementie 12, 02150 EspooOtaniemi: 09 460 440L\u00e4\u00e4k\u00e4reille: 09 466 685otaniemenapteekki@apteekit.netOlemme avoinna: ma-pe 10.00-20.00 la 10.00-18.00 su suljettuJuhannuksen aukioloajat: pe [&hellip;]","og_url":"https:\/\/www.ainoapteekki.fi\/sv\/ota-yhteytta\/","og_site_name":"Tapiolan Aino apteekki","article_modified_time":"2024-01-08T12:22:47+00:00","twitter_card":"summary_large_image","twitter_misc":{"Ber\u00e4knad l\u00e4stid":"8 minuter"},"schema":{"@context":"https:\/\/schema.org","@graph":[{"@type":"WebPage","@id":"https:\/\/www.ainoapteekki.fi\/ota-yhteytta\/","url":"https:\/\/www.ainoapteekki.fi\/ota-yhteytta\/","name":"Ota yhteytt\u00e4 - Tapiolan Aino apteekki","isPartOf":{"@id":"https:\/\/www.ainoapteekki.fi\/#website"},"datePublished":"2023-09-03T13:52:33+00:00","dateModified":"2024-01-08T12:22:47+00:00","breadcrumb":{"@id":"https:\/\/www.ainoapteekki.fi\/ota-yhteytta\/#breadcrumb"},"inLanguage":"sv-SE","potentialAction":[{"@type":"ReadAction","target":["https:\/\/www.ainoapteekki.fi\/ota-yhteytta\/"]}]},{"@type":"BreadcrumbList","@id":"https:\/\/www.ainoapteekki.fi\/ota-yhteytta\/#breadcrumb","itemListElement":[{"@type":"ListItem","position":1,"name":"Etusivu","item":"https:\/\/www.ainoapteekki.fi\/"},{"@type":"ListItem","position":2,"name":"Ota yhteytt\u00e4"}]},{"@type":"WebSite","@id":"https:\/\/www.ainoapteekki.fi\/#website","url":"https:\/\/www.ainoapteekki.fi\/","name":"Tapiolan Aino apteekki","description":"Ert nya apotek i k\u00f6pcentret Ainoa","potentialAction":[{"@type":"SearchAction","target":{"@type":"EntryPoint","urlTemplate":"https:\/\/www.ainoapteekki.fi\/?s={search_term_string}"},"query-input":{"@type":"PropertyValueSpecification","valueRequired":true,"valueName":"search_term_string"}}],"inLanguage":"sv-SE"}]}},"_links":{"self":[{"href":"https:\/\/www.ainoapteekki.fi\/sv\/wp-json\/wp\/v2\/pages\/987490782","targetHints":{"allow":["GET"]}}],"collection":[{"href":"https:\/\/www.ainoapteekki.fi\/sv\/wp-json\/wp\/v2\/pages"}],"about":[{"href":"https:\/\/www.ainoapteekki.fi\/sv\/wp-json\/wp\/v2\/types\/page"}],"author":[{"embeddable":true,"href":"https:\/\/www.ainoapteekki.fi\/sv\/wp-json\/wp\/v2\/users\/1"}],"replies":[{"embeddable":true,"href":"https:\/\/www.ainoapteekki.fi\/sv\/wp-json\/wp\/v2\/comments?post=987490782"}],"version-history":[{"count":14,"href":"https:\/\/www.ainoapteekki.fi\/sv\/wp-json\/wp\/v2\/pages\/987490782\/revisions"}],"predecessor-version":[{"id":987490934,"href":"https:\/\/www.ainoapteekki.fi\/sv\/wp-json\/wp\/v2\/pages\/987490782\/revisions\/987490934"}],"wp:attachment":[{"href":"https:\/\/www.ainoapteekki.fi\/sv\/wp-json\/wp\/v2\/media?parent=987490782"}],"curies":[{"name":"wp","href":"https:\/\/api.w.org\/{rel}","templated":true}]}}